{"id":49,"date":"2023-03-17T18:05:59","date_gmt":"2023-03-17T18:05:59","guid":{"rendered":"https:\/\/sienna-fox-728460.hostingersite.com\/?page_id=49"},"modified":"2023-03-21T02:29:47","modified_gmt":"2023-03-21T02:29:47","slug":"sobre","status":"publish","type":"page","link":"https:\/\/diogenesdequeiroz.com.br\/?page_id=49","title":{"rendered":"Sobre"},"content":{"rendered":"\t\t<div data-elementor-type=\"wp-page\" data-elementor-id=\"49\" class=\"elementor elementor-49\">\n\t\t\t\t\t\t<section class=\"elementor-section elementor-top-section elementor-element elementor-element-3f1acb0 elementor-section-boxed elementor-section-height-default elementor-section-height-default\" data-id=\"3f1acb0\" data-element_type=\"section\" data-e-type=\"section\">\n\t\t\t\t\t\t<div class=\"elementor-container elementor-column-gap-default\">\n\t\t\t\t\t<div class=\"elementor-column elementor-col-100 elementor-top-column elementor-element elementor-element-9721ace\" data-id=\"9721ace\" data-element_type=\"column\" data-e-type=\"column\">\n\t\t\t<div class=\"elementor-widget-wrap elementor-element-populated\">\n\t\t\t\t\t\t<div class=\"elementor-element elementor-element-ac558f3 elementor-widget elementor-widget-heading\" data-id=\"ac558f3\" data-element_type=\"widget\" data-e-type=\"widget\" data-widget_type=\"heading.default\">\n\t\t\t\t<div class=\"elementor-widget-container\">\n\t\t\t\t\t<h2 class=\"elementor-heading-title elementor-size-default\">Sobre N\u00f3s<\/h2>\t\t\t\t<\/div>\n\t\t\t\t<\/div>\n\t\t\t\t\t<\/div>\n\t\t<\/div>\n\t\t\t\t\t<\/div>\n\t\t<\/section>\n\t\t\t\t<section class=\"elementor-section elementor-top-section elementor-element elementor-element-6617d1b0 elementor-section-height-min-height elementor-section-boxed elementor-section-height-default elementor-section-items-middle\" data-id=\"6617d1b0\" data-element_type=\"section\" data-e-type=\"section\" id=\"xs_cta_business\" data-settings=\"{&quot;background_background&quot;:&quot;classic&quot;}\">\n\t\t\t\t\t\t\t<div class=\"elementor-background-overlay\"><\/div>\n\t\t\t\t\t\t\t<div class=\"elementor-container elementor-column-gap-default\">\n\t\t\t\t\t<div class=\"elementor-column elementor-col-50 elementor-top-column elementor-element elementor-element-7d6e5bf5\" data-id=\"7d6e5bf5\" data-element_type=\"column\" data-e-type=\"column\">\n\t\t\t<div class=\"elementor-widget-wrap elementor-element-populated\">\n\t\t\t\t\t\t<div class=\"elementor-element elementor-element-5e31bc94 elementor-widget elementor-widget-elementskit-heading\" data-id=\"5e31bc94\" data-element_type=\"widget\" data-e-type=\"widget\" data-widget_type=\"elementskit-heading.default\">\n\t\t\t\t<div class=\"elementor-widget-container\">\n\t\t\t\t\t<div class=\"ekit-wid-con\" ><div class=\"ekit-heading elementskit-section-title-wraper text_left   ekit_heading_tablet-   ekit_heading_mobile-\"><h2 class=\"ekit-heading--title elementskit-section-title \">D\u00favidas, consultas e atendimento emergencial. Fale Conosco Agora!<\/h2>\t\t\t\t<div class='ekit-heading__description'>\n\t\t\t\t\t<p>Estamos sempre prontos para ajud\u00e1-lo em situa\u00e7\u00f5es emergenciais. Entre em contato conosco agora mesmo e conte com nossa equipe de advogados especializados para uma resposta \u00e1gil e eficaz.<\/p>\n\t\t\t\t<\/div>\n\t\t\t<\/div><\/div>\t\t\t\t<\/div>\n\t\t\t\t<\/div>\n\t\t\t\t\t<\/div>\n\t\t<\/div>\n\t\t\t\t<div class=\"elementor-column elementor-col-50 elementor-top-column elementor-element elementor-element-7937090a\" data-id=\"7937090a\" data-element_type=\"column\" data-e-type=\"column\">\n\t\t\t<div class=\"elementor-widget-wrap elementor-element-populated\">\n\t\t\t\t\t\t<div class=\"elementor-element elementor-element-33e45607 elementor-align-right elementor-align--mobilecenter elementor-align--tabletleft elementor-widget elementor-widget-elementskit-button\" data-id=\"33e45607\" data-element_type=\"widget\" data-e-type=\"widget\" data-widget_type=\"elementskit-button.default\">\n\t\t\t\t<div class=\"elementor-widget-container\">\n\t\t\t\t\t<div class=\"ekit-wid-con\" >\t\t<div class=\"ekit-btn-wraper\">\n\t\t\t\t\t\t\t<a href=\"#\" class=\"elementskit-btn  whitespace--normal\" id=\"\">\n\t\t\t\t\tClique Aqui\t\t\t\t<\/a>\n\t\t\t\t\t<\/div>\n        <\/div>\t\t\t\t<\/div>\n\t\t\t\t<\/div>\n\t\t\t\t\t<\/div>\n\t\t<\/div>\n\t\t\t\t\t<\/div>\n\t\t<\/section>\n\t\t\t\t<section class=\"elementor-section elementor-top-section elementor-element elementor-element-7e90c101 elementor-section-boxed elementor-section-height-default elementor-section-height-default\" data-id=\"7e90c101\" data-element_type=\"section\" data-e-type=\"section\">\n\t\t\t\t\t\t<div class=\"elementor-container elementor-column-gap-default\">\n\t\t\t\t\t<div class=\"elementor-column elementor-col-33 elementor-top-column elementor-element elementor-element-10ceb804\" data-id=\"10ceb804\" data-element_type=\"column\" data-e-type=\"column\">\n\t\t\t<div class=\"elementor-widget-wrap elementor-element-populated\">\n\t\t\t\t\t\t<div class=\"elementor-element elementor-element-2579fd65 elementor-widget elementor-widget-elementskit-accordion\" data-id=\"2579fd65\" data-element_type=\"widget\" data-e-type=\"widget\" data-widget_type=\"elementskit-accordion.default\">\n\t\t\t\t<div class=\"elementor-widget-container\">\n\t\t\t\t\t<div class=\"ekit-wid-con\" >\n        <div class=\"elementskit-accordion accoedion-primary\" id=\"accordion-69f69d6824031\">\n\n            \n                <div class=\"elementskit-card active\">\n                    <div class=\"elementskit-card-header\" id=\"primaryHeading-0-2579fd65\">\n                        <a href=\"#collapse-dbb085769f69d6824031\" class=\"ekit-accordion--toggler elementskit-btn-link collapsed\" data-ekit-toggle=\"collapse\" data-target=\"#Collapse-dbb085769f69d6824031\" aria-expanded=\"true\" aria-controls=\"Collapse-dbb085769f69d6824031\">\n                            \n                            <span class=\"ekit-accordion-title\">Miss\u00e3o<\/span>\n\n                            \n                                <div class=\"ekit_accordion_icon_group\">\n                                    <div class=\"ekit_accordion_normal_icon\">\n                                        <!-- Normal Icon -->\n\t\t\t\t\t\t\t\t\t\t<i class=\"icon icon-down-arrow1\"><\/i>                                    <\/div>\n\n                                    <div class=\"ekit_accordion_active_icon\">\n                                        <!-- Active Icon -->\n\t\t\t\t\t\t\t\t\t\t<i class=\"icon icon-up-arrow\"><\/i>                                    <\/div>\n                                <\/div>\n\n                            \n                                                    <\/a>\n                    <\/div>\n\n                    <div id=\"Collapse-dbb085769f69d6824031\" class=\" show collapse\" aria-labelledby=\"primaryHeading-0-2579fd65\" data-parent=\"#accordion-69f69d6824031\">\n\n                        <div class=\"elementskit-card-body ekit-accordion--content\">\n                            <p>Temos como miss\u00e3o o aperfei\u00e7oamento constante para poder proporcionar a nossos clientes e parceiros o mais elevado n\u00edvel de presta\u00e7\u00e3o de servi\u00e7os jur\u00eddicos, bem como solu\u00e7\u00f5es pr\u00e1ticas e eficientes.<\/p>                        <\/div>\n\n                    <\/div>\n\n                <\/div><!-- .elementskit-card END -->\n\n                                        <\/div>\n    <\/div>\t\t\t\t<\/div>\n\t\t\t\t<\/div>\n\t\t\t\t\t<\/div>\n\t\t<\/div>\n\t\t\t\t<div class=\"elementor-column elementor-col-33 elementor-top-column elementor-element elementor-element-3c3a5c7f\" data-id=\"3c3a5c7f\" data-element_type=\"column\" data-e-type=\"column\">\n\t\t\t<div class=\"elementor-widget-wrap elementor-element-populated\">\n\t\t\t\t\t\t<div class=\"elementor-element elementor-element-4d4da0fe elementor-widget elementor-widget-elementskit-accordion\" data-id=\"4d4da0fe\" data-element_type=\"widget\" data-e-type=\"widget\" data-widget_type=\"elementskit-accordion.default\">\n\t\t\t\t<div class=\"elementor-widget-container\">\n\t\t\t\t\t<div class=\"ekit-wid-con\" >\n        <div class=\"elementskit-accordion accoedion-primary\" id=\"accordion-69f69d68245d8\">\n\n            \n                <div class=\"elementskit-card active\">\n                    <div class=\"elementskit-card-header\" id=\"primaryHeading-0-4d4da0fe\">\n                        <a href=\"#collapse-dbb085769f69d68245d8\" class=\"ekit-accordion--toggler elementskit-btn-link collapsed\" data-ekit-toggle=\"collapse\" data-target=\"#Collapse-dbb085769f69d68245d8\" aria-expanded=\"true\" aria-controls=\"Collapse-dbb085769f69d68245d8\">\n                            \n                            <span class=\"ekit-accordion-title\">Vis\u00e3o<\/span>\n\n                            \n                                <div class=\"ekit_accordion_icon_group\">\n                                    <div class=\"ekit_accordion_normal_icon\">\n                                        <!-- Normal Icon -->\n\t\t\t\t\t\t\t\t\t\t<i class=\"icon icon-down-arrow1\"><\/i>                                    <\/div>\n\n                                    <div class=\"ekit_accordion_active_icon\">\n                                        <!-- Active Icon -->\n\t\t\t\t\t\t\t\t\t\t<i class=\"icon icon-up-arrow\"><\/i>                                    <\/div>\n                                <\/div>\n\n                            \n                                                    <\/a>\n                    <\/div>\n\n                    <div id=\"Collapse-dbb085769f69d68245d8\" class=\" show collapse\" aria-labelledby=\"primaryHeading-0-4d4da0fe\" data-parent=\"#accordion-69f69d68245d8\">\n\n                        <div class=\"elementskit-card-body ekit-accordion--content\">\n                            <p>Ser refer\u00eancia nos segmentos em que atuamos, sendo reconhecidos pelos nossos clientes como uma empresa moderna, inovadora e eficiente.<\/p>                        <\/div>\n\n                    <\/div>\n\n                <\/div><!-- .elementskit-card END -->\n\n                                        <\/div>\n    <\/div>\t\t\t\t<\/div>\n\t\t\t\t<\/div>\n\t\t\t\t\t<\/div>\n\t\t<\/div>\n\t\t\t\t<div class=\"elementor-column elementor-col-33 elementor-top-column elementor-element elementor-element-1abaead4\" data-id=\"1abaead4\" data-element_type=\"column\" data-e-type=\"column\">\n\t\t\t<div class=\"elementor-widget-wrap elementor-element-populated\">\n\t\t\t\t\t\t<div class=\"elementor-element elementor-element-1ab61538 elementor-widget elementor-widget-elementskit-accordion\" data-id=\"1ab61538\" data-element_type=\"widget\" data-e-type=\"widget\" data-widget_type=\"elementskit-accordion.default\">\n\t\t\t\t<div class=\"elementor-widget-container\">\n\t\t\t\t\t<div class=\"ekit-wid-con\" >\n        <div class=\"elementskit-accordion accoedion-primary\" id=\"accordion-69f69d6824b9f\">\n\n            \n                <div class=\"elementskit-card active\">\n                    <div class=\"elementskit-card-header\" id=\"primaryHeading-0-1ab61538\">\n                        <a href=\"#collapse-dbb085769f69d6824b9f\" class=\"ekit-accordion--toggler elementskit-btn-link collapsed\" data-ekit-toggle=\"collapse\" data-target=\"#Collapse-dbb085769f69d6824b9f\" aria-expanded=\"true\" aria-controls=\"Collapse-dbb085769f69d6824b9f\">\n                            \n                            <span class=\"ekit-accordion-title\">Valores<\/span>\n\n                            \n                                <div class=\"ekit_accordion_icon_group\">\n                                    <div class=\"ekit_accordion_normal_icon\">\n                                        <!-- Normal Icon -->\n\t\t\t\t\t\t\t\t\t\t<i class=\"icon icon-down-arrow1\"><\/i>                                    <\/div>\n\n                                    <div class=\"ekit_accordion_active_icon\">\n                                        <!-- Active Icon -->\n\t\t\t\t\t\t\t\t\t\t<i class=\"icon icon-up-arrow\"><\/i>                                    <\/div>\n                                <\/div>\n\n                            \n                                                    <\/a>\n                    <\/div>\n\n                    <div id=\"Collapse-dbb085769f69d6824b9f\" class=\" show collapse\" aria-labelledby=\"primaryHeading-0-1ab61538\" data-parent=\"#accordion-69f69d6824b9f\">\n\n                        <div class=\"elementskit-card-body ekit-accordion--content\">\n                            <p>Proximidade com o atendimento aos clientes atrav\u00e9s de diversos meios de intera\u00e7\u00e3o; Solu\u00e7\u00f5es jur\u00eddicas r\u00e1pidas e definitivas, sem perda de qualidade; Diminui\u00e7\u00e3o do tempo do tr\u00e2mite processual, por meio de a\u00e7\u00f5es pr\u00f3-ativas.<\/p>                        <\/div>\n\n                    <\/div>\n\n                <\/div><!-- .elementskit-card END -->\n\n                                        <\/div>\n    <\/div>\t\t\t\t<\/div>\n\t\t\t\t<\/div>\n\t\t\t\t\t<\/div>\n\t\t<\/div>\n\t\t\t\t\t<\/div>\n\t\t<\/section>\n\t\t\t\t<section class=\"elementor-section elementor-top-section elementor-element elementor-element-26bf288e elementor-section-boxed elementor-section-height-default elementor-section-height-default\" data-id=\"26bf288e\" data-element_type=\"section\" data-e-type=\"section\" data-settings=\"{&quot;background_background&quot;:&quot;classic&quot;}\">\n\t\t\t\t\t\t<div class=\"elementor-container elementor-column-gap-default\">\n\t\t\t\t\t<div class=\"elementor-column elementor-col-50 elementor-top-column elementor-element elementor-element-6bfa132c\" data-id=\"6bfa132c\" data-element_type=\"column\" data-e-type=\"column\">\n\t\t\t<div class=\"elementor-widget-wrap elementor-element-populated\">\n\t\t\t\t\t\t<div class=\"elementor-element elementor-element-3a7425a8 elementor-widget elementor-widget-text-editor\" data-id=\"3a7425a8\" data-element_type=\"widget\" data-e-type=\"widget\" data-widget_type=\"text-editor.default\">\n\t\t\t\t<div class=\"elementor-widget-container\">\n\t\t\t\t\t\t\t\t\t<p>O escrit\u00f3rio DIOGENES DE QUEIROZ ADVOGADOS ASSOCIADOS surgiu com a miss\u00e3o de preencher as lacunas existentes na presta\u00e7\u00e3o de servi\u00e7os jur\u00eddicos, sobretudo oferecendo pessoalidade ao atendimento, alta qualidade jur\u00eddica e o compromisso constante do conhecimento profundo nas diversas \u00e1reas do direito a fim de proporcionar a melhor solu\u00e7\u00e3o \u00e0s demandas patrocinadas pela banca.<br \/>O cliente pode contar com um atendimento artesanal, \u00e9tico, personalizado e profissional. <br \/>A equipe de advogados \u00e9 altamente comprometida e eficaz em seus resultados.<\/p><p>O escrit\u00f3rio tem como princ\u00edpios a \u00e9tica, transpar\u00eancia e efici\u00eancia nas suas a\u00e7\u00f5es, aprimorando-se e atualizando-se para melhor atender a todas as exig\u00eancias e altera\u00e7\u00f5es e reformas ocorridas no direito brasileiro. Busca-se incessantemente o aperfei\u00e7oamento e a excel\u00eancia no atendimento ao cliente.<br \/>Temos como objetivo atender clientes exigentes e rigorosos, que tenham como meta trabalhar com parceiros experientes e capacitados para atender seus anseios.<\/p>\t\t\t\t\t\t\t\t<\/div>\n\t\t\t\t<\/div>\n\t\t\t\t\t<\/div>\n\t\t<\/div>\n\t\t\t\t<div class=\"elementor-column elementor-col-50 elementor-top-column elementor-element elementor-element-1808e065\" data-id=\"1808e065\" data-element_type=\"column\" data-e-type=\"column\" data-settings=\"{&quot;background_background&quot;:&quot;classic&quot;}\">\n\t\t\t<div class=\"elementor-widget-wrap elementor-element-populated\">\n\t\t\t\t\t<div class=\"elementor-background-overlay\"><\/div>\n\t\t\t\t\t\t<div class=\"elementor-element elementor-element-2eca64de elementor-arrows-position-inside elementor-pagination-position-outside elementor-widget elementor-widget-image-carousel\" data-id=\"2eca64de\" data-element_type=\"widget\" data-e-type=\"widget\" data-settings=\"{&quot;slides_to_show&quot;:&quot;1&quot;,&quot;navigation&quot;:&quot;both&quot;,&quot;autoplay&quot;:&quot;yes&quot;,&quot;pause_on_hover&quot;:&quot;yes&quot;,&quot;pause_on_interaction&quot;:&quot;yes&quot;,&quot;autoplay_speed&quot;:5000,&quot;infinite&quot;:&quot;yes&quot;,&quot;effect&quot;:&quot;slide&quot;,&quot;speed&quot;:500}\" data-widget_type=\"image-carousel.default\">\n\t\t\t\t<div class=\"elementor-widget-container\">\n\t\t\t\t\t\t\t<div class=\"elementor-image-carousel-wrapper swiper\" role=\"region\" aria-roledescription=\"carousel\" aria-label=\"Carrossel de imagens\" dir=\"ltr\">\n\t\t\t<div class=\"elementor-image-carousel swiper-wrapper\" aria-live=\"off\">\n\t\t\t\t\t\t\t\t<div class=\"swiper-slide\" role=\"group\" aria-roledescription=\"slide\" aria-label=\"1 de 3\"><figure class=\"swiper-slide-inner\"><img decoding=\"async\" class=\"swiper-slide-image\" src=\"https:\/\/diogenesdequeiroz.com.br\/wp-content\/uploads\/2023\/03\/escritorio-3-1-1024x576.jpeg\" alt=\"escritorio (3)\" \/><\/figure><\/div><div class=\"swiper-slide\" role=\"group\" aria-roledescription=\"slide\" aria-label=\"2 de 3\"><figure class=\"swiper-slide-inner\"><img decoding=\"async\" class=\"swiper-slide-image\" src=\"https:\/\/diogenesdequeiroz.com.br\/wp-content\/uploads\/2023\/03\/escritorio-2.jpeg\" alt=\"escritorio (2)\" \/><\/figure><\/div><div class=\"swiper-slide\" role=\"group\" aria-roledescription=\"slide\" aria-label=\"3 de 3\"><figure class=\"swiper-slide-inner\"><img decoding=\"async\" class=\"swiper-slide-image\" src=\"https:\/\/diogenesdequeiroz.com.br\/wp-content\/uploads\/2023\/03\/escritorio-1.jpeg\" alt=\"escritorio (1)\" \/><\/figure><\/div>\t\t\t<\/div>\n\t\t\t\t\t\t\t\t\t\t\t\t<div class=\"elementor-swiper-button elementor-swiper-button-prev\" role=\"button\" tabindex=\"0\">\n\t\t\t\t\t\t<i aria-hidden=\"true\" class=\"eicon-chevron-left\"><\/i>\t\t\t\t\t<\/div>\n\t\t\t\t\t<div class=\"elementor-swiper-button elementor-swiper-button-next\" role=\"button\" tabindex=\"0\">\n\t\t\t\t\t\t<i aria-hidden=\"true\" class=\"eicon-chevron-right\"><\/i>\t\t\t\t\t<\/div>\n\t\t\t\t\n\t\t\t\t\t\t\t\t\t<div class=\"swiper-pagination\"><\/div>\n\t\t\t\t\t\t\t\t\t<\/div>\n\t\t\t\t\t\t<\/div>\n\t\t\t\t<\/div>\n\t\t\t\t\t<\/div>\n\t\t<\/div>\n\t\t\t\t\t<\/div>\n\t\t<\/section>\n\t\t\t\t<section class=\"elementor-section elementor-top-section elementor-element elementor-element-5cd2126b elementor-section-boxed elementor-section-height-default elementor-section-height-default\" data-id=\"5cd2126b\" data-element_type=\"section\" data-e-type=\"section\" data-settings=\"{&quot;background_background&quot;:&quot;classic&quot;}\">\n\t\t\t\t\t\t\t<div class=\"elementor-background-overlay\"><\/div>\n\t\t\t\t\t\t\t<div class=\"elementor-container elementor-column-gap-default\">\n\t\t\t\t\t<div class=\"elementor-column elementor-col-50 elementor-top-column elementor-element elementor-element-421f133a\" data-id=\"421f133a\" data-element_type=\"column\" data-e-type=\"column\">\n\t\t\t<div class=\"elementor-widget-wrap elementor-element-populated\">\n\t\t\t\t\t\t<div class=\"elementor-element elementor-element-36b092a0 elementor-widget elementor-widget-image\" data-id=\"36b092a0\" data-element_type=\"widget\" data-e-type=\"widget\" data-widget_type=\"image.default\">\n\t\t\t\t<div class=\"elementor-widget-container\">\n\t\t\t\t\t\t\t\t\t\t\t\t\t\t\t<img fetchpriority=\"high\" decoding=\"async\" width=\"297\" height=\"300\" src=\"https:\/\/diogenesdequeiroz.com.br\/wp-content\/uploads\/2023\/03\/WhatsApp-Image-2023-03-14-at-14.47.25-297x300.jpeg\" class=\"attachment-medium size-medium wp-image-136\" alt=\"\" srcset=\"https:\/\/diogenesdequeiroz.com.br\/wp-content\/uploads\/2023\/03\/WhatsApp-Image-2023-03-14-at-14.47.25-297x300.jpeg 297w, https:\/\/diogenesdequeiroz.com.br\/wp-content\/uploads\/2023\/03\/WhatsApp-Image-2023-03-14-at-14.47.25-768x776.jpeg 768w, https:\/\/diogenesdequeiroz.com.br\/wp-content\/uploads\/2023\/03\/WhatsApp-Image-2023-03-14-at-14.47.25.jpeg 816w\" sizes=\"(max-width: 297px) 100vw, 297px\" \/>\t\t\t\t\t\t\t\t\t\t\t\t\t\t\t<\/div>\n\t\t\t\t<\/div>\n\t\t\t\t\t<\/div>\n\t\t<\/div>\n\t\t\t\t<div class=\"elementor-column elementor-col-50 elementor-top-column elementor-element elementor-element-3e0e7cb8\" data-id=\"3e0e7cb8\" data-element_type=\"column\" data-e-type=\"column\">\n\t\t\t<div class=\"elementor-widget-wrap elementor-element-populated\">\n\t\t\t\t\t\t<div class=\"elementor-element elementor-element-6f79dbba elementor-widget elementor-widget-elementskit-heading\" data-id=\"6f79dbba\" data-element_type=\"widget\" data-e-type=\"widget\" data-widget_type=\"elementskit-heading.default\">\n\t\t\t\t<div class=\"elementor-widget-container\">\n\t\t\t\t\t<div class=\"ekit-wid-con\" ><div class=\"ekit-heading elementskit-section-title-wraper text_left   ekit_heading_tablet-   ekit_heading_mobile-\"><span class=\"elementskit-section-subtitle  elementskit-style-border\">\n\t\t\t\t\t\tAdvogada criminalista\n\t\t\t\t\t<\/span><h2 class=\"ekit-heading--title elementskit-section-title \">Juliana Queiroz<\/h2><\/div><\/div>\t\t\t\t<\/div>\n\t\t\t\t<\/div>\n\t\t\t\t<div class=\"elementor-element elementor-element-2a8ac114 elementor-widget elementor-widget-text-editor\" data-id=\"2a8ac114\" data-element_type=\"widget\" data-e-type=\"widget\" data-widget_type=\"text-editor.default\">\n\t\t\t\t<div class=\"elementor-widget-container\">\n\t\t\t\t\t\t\t\t\t<p>Advogada criminalista, inscrita nos quadros da Ordem dos Advogados do Brasil, Seccional de Goi\u00e1s sob o n\u00b0 67.472. Bacharel em Direito pela Universidade Alfredo Nasser. P\u00f3s-Graduada em Direito Penal e Processo Penal pelo Centro Educacional Proordem Cursos Juridicos Unidade Goi\u00e2nia, MBA em Direito M\u00e9dico e Compliance Hospitalar realizado no instituto de P\u00f3s-Gradua\u00e7\u00e3o e Gradua\u00e7\u00e3o IPOG, tendo sua atua\u00e7\u00e3o profissional exclusiva no Direito Criminal &amp; Direito M\u00e9dico, com v\u00e1rios casos de sucesso ao decorrer de sua carreira.<\/p>\t\t\t\t\t\t\t\t<\/div>\n\t\t\t\t<\/div>\n\t\t\t\t\t<\/div>\n\t\t<\/div>\n\t\t\t\t\t<\/div>\n\t\t<\/section>\n\t\t\t\t<\/div>\n\t\t","protected":false},"excerpt":{"rendered":"<p>Sobre N\u00f3s D\u00favidas, consultas e atendimento emergencial. Fale Conosco Agora! Estamos sempre prontos para ajud\u00e1-lo em situa\u00e7\u00f5es emergenciais. Entre em contato conosco agora mesmo e conte com nossa equipe de advogados especializados para uma resposta \u00e1gil e eficaz. Clique Aqui Miss\u00e3o Temos como miss\u00e3o o aperfei\u00e7oamento constante para poder proporcionar a nossos clientes e parceiros [&hellip;]<\/p>\n","protected":false},"author":1,"featured_media":0,"parent":0,"menu_order":0,"comment_status":"closed","ping_status":"closed","template":"","meta":{"footnotes":""},"class_list":["post-49","page","type-page","status-publish","hentry"],"_hostinger_reach_plugin_has_subscription_block":false,"_hostinger_reach_plugin_is_elementor":false,"_links":{"self":[{"href":"https:\/\/diogenesdequeiroz.com.br\/index.php?rest_route=\/wp\/v2\/pages\/49","targetHints":{"allow":["GET"]}}],"collection":[{"href":"https:\/\/diogenesdequeiroz.com.br\/index.php?rest_route=\/wp\/v2\/pages"}],"about":[{"href":"https:\/\/diogenesdequeiroz.com.br\/index.php?rest_route=\/wp\/v2\/types\/page"}],"author":[{"embeddable":true,"href":"https:\/\/diogenesdequeiroz.com.br\/index.php?rest_route=\/wp\/v2\/users\/1"}],"replies":[{"embeddable":true,"href":"https:\/\/diogenesdequeiroz.com.br\/index.php?rest_route=%2Fwp%2Fv2%2Fcomments&post=49"}],"version-history":[{"count":4,"href":"https:\/\/diogenesdequeiroz.com.br\/index.php?rest_route=\/wp\/v2\/pages\/49\/revisions"}],"predecessor-version":[{"id":399,"href":"https:\/\/diogenesdequeiroz.com.br\/index.php?rest_route=\/wp\/v2\/pages\/49\/revisions\/399"}],"wp:attachment":[{"href":"https:\/\/diogenesdequeiroz.com.br\/index.php?rest_route=%2Fwp%2Fv2%2Fmedia&parent=49"}],"curies":[{"name":"wp","href":"https:\/\/api.w.org\/{rel}","templated":true}]}}